{"id":1452,"date":"2021-06-25T03:48:59","date_gmt":"2021-06-25T03:48:59","guid":{"rendered":"https:\/\/drdiegomontesdeoca.com\/?page_id=1452"},"modified":"2021-07-22T12:35:36","modified_gmt":"2021-07-22T12:35:36","slug":"dr-diego-montes-de-oca","status":"publish","type":"page","link":"https:\/\/drdiegomontesdeoca.com\/en\/dr-diego-montes-de-oca\/","title":{"rendered":"Dr Diego Montes de Oca"},"content":{"rendered":"\t\t<div data-elementor-type=\"wp-page\" data-elementor-id=\"1452\" class=\"elementor elementor-1452\" data-elementor-settings=\"[]\">\n\t\t\t\t\t\t\t<div class=\"elementor-section-wrap\">\n\t\t\t\t\t\t\t<section class=\"elementor-section elementor-top-section elementor-element elementor-element-e38924b elementor-section-boxed elementor-section-height-default elementor-section-height-default\" data-id=\"e38924b\" data-element_type=\"section\">\n\t\t\t\t\t\t<div class=\"elementor-container elementor-column-gap-default\">\n\t\t\t\t\t<div class=\"elementor-column elementor-col-50 elementor-top-column elementor-element elementor-element-26aa9b4\" data-id=\"26aa9b4\" data-element_type=\"column\">\n\t\t\t<div class=\"elementor-widget-wrap\">\n\t\t\t\t\t\t\t\t\t<\/div>\n\t\t<\/div>\n\t\t\t\t<div class=\"elementor-column elementor-col-50 elementor-top-column elementor-element elementor-element-ffa4a67\" data-id=\"ffa4a67\" data-element_type=\"column\">\n\t\t\t<div class=\"elementor-widget-wrap elementor-element-populated\">\n\t\t\t\t\t\t\t\t<div class=\"elementor-element elementor-element-2d7e35e elementor-widget elementor-widget-text-editor\" data-id=\"2d7e35e\" data-element_type=\"widget\" data-widget_type=\"text-editor.default\">\n\t\t\t\t<div class=\"elementor-widget-container\">\n\t\t\t\t\t\t\t\t<p>Dr. Diego<br \/><strong>MONTES DE OCA<\/strong><\/p>\t\t\t\t\t\t<\/div>\n\t\t\t\t<\/div>\n\t\t\t\t\t<\/div>\n\t\t<\/div>\n\t\t\t\t\t\t\t<\/div>\n\t\t<\/section>\n\t\t\t\t<section class=\"elementor-section elementor-top-section elementor-element elementor-element-1d86956 elementor-section-boxed elementor-section-height-default elementor-section-height-default\" data-id=\"1d86956\" data-element_type=\"section\" data-settings=\"{&quot;background_background&quot;:&quot;classic&quot;}\">\n\t\t\t\t\t\t<div class=\"elementor-container elementor-column-gap-default\">\n\t\t\t\t\t<div class=\"elementor-column elementor-col-50 elementor-top-column elementor-element elementor-element-ae104a5\" data-id=\"ae104a5\" data-element_type=\"column\">\n\t\t\t<div class=\"elementor-widget-wrap elementor-element-populated\">\n\t\t\t\t\t\t\t\t<div class=\"elementor-element elementor-element-d160bbd elementor-invisible elementor-widget elementor-widget-image\" data-id=\"d160bbd\" data-element_type=\"widget\" data-settings=\"{&quot;motion_fx_motion_fx_scrolling&quot;:&quot;yes&quot;,&quot;motion_fx_translateX_effect&quot;:&quot;yes&quot;,&quot;motion_fx_translateX_direction&quot;:&quot;negative&quot;,&quot;motion_fx_translateX_speed&quot;:{&quot;unit&quot;:&quot;px&quot;,&quot;size&quot;:1,&quot;sizes&quot;:[]},&quot;_animation&quot;:&quot;slideInLeft&quot;,&quot;motion_fx_devices&quot;:[&quot;desktop&quot;,&quot;tablet&quot;],&quot;motion_fx_translateX_affectedRange&quot;:{&quot;unit&quot;:&quot;%&quot;,&quot;size&quot;:&quot;&quot;,&quot;sizes&quot;:{&quot;start&quot;:0,&quot;end&quot;:100}}}\" data-widget_type=\"image.default\">\n\t\t\t\t<div class=\"elementor-widget-container\">\n\t\t\t\t\t\t\t\t\t\t\t\t\t\t\t<img loading=\"lazy\" decoding=\"async\" width=\"384\" height=\"511\" src=\"https:\/\/drdiegomontesdeoca.com\/en\/wp-content\/uploads\/2021\/06\/diego_montes_de_ocaMesa-de-trabajo-25mdpi.png\" class=\"attachment-large size-large\" alt=\"\" srcset=\"https:\/\/drdiegomontesdeoca.com\/en\/wp-content\/uploads\/2021\/06\/diego_montes_de_ocaMesa-de-trabajo-25mdpi.png 384w, https:\/\/drdiegomontesdeoca.com\/en\/wp-content\/uploads\/2021\/06\/diego_montes_de_ocaMesa-de-trabajo-25mdpi-225x300.png 225w, https:\/\/drdiegomontesdeoca.com\/en\/wp-content\/uploads\/2021\/06\/diego_montes_de_ocaMesa-de-trabajo-25mdpi-300x399.png 300w\" sizes=\"auto, (max-width: 384px) 100vw, 384px\" \/>\t\t\t\t\t\t\t\t\t\t\t\t\t\t\t<\/div>\n\t\t\t\t<\/div>\n\t\t\t\t\t<\/div>\n\t\t<\/div>\n\t\t\t\t<div class=\"elementor-column elementor-col-50 elementor-top-column elementor-element elementor-element-5a7a79d elementor-hidden-phone\" data-id=\"5a7a79d\" data-element_type=\"column\">\n\t\t\t<div class=\"elementor-widget-wrap\">\n\t\t\t\t\t\t\t\t\t<\/div>\n\t\t<\/div>\n\t\t\t\t\t\t\t<\/div>\n\t\t<\/section>\n\t\t\t\t<section class=\"elementor-section elementor-top-section elementor-element elementor-element-4e1d26f elementor-section-boxed elementor-section-height-default elementor-section-height-default\" data-id=\"4e1d26f\" data-element_type=\"section\">\n\t\t\t\t\t\t<div class=\"elementor-container elementor-column-gap-default\">\n\t\t\t\t\t<div class=\"elementor-column elementor-col-50 elementor-top-column elementor-element elementor-element-e6121c0\" data-id=\"e6121c0\" data-element_type=\"column\">\n\t\t\t<div class=\"elementor-widget-wrap elementor-element-populated\">\n\t\t\t\t\t\t\t\t<div class=\"elementor-element elementor-element-a1b4181 elementor-invisible elementor-widget elementor-widget-text-editor\" data-id=\"a1b4181\" data-element_type=\"widget\" data-settings=\"{&quot;_animation&quot;:&quot;fadeInLeft&quot;}\" data-widget_type=\"text-editor.default\">\n\t\t\t\t<div class=\"elementor-widget-container\">\n\t\t\t\t\t\t\t\t<p><span style=\"font-weight: 400;\"><strong>\ud83d\udd35 <\/strong>Despu\u00e9s de muchos a\u00f1os de formaci\u00f3n y especializaci\u00f3n, de guardias, hospitales y consultorios, la vida y mi gran deseo por promover e informar sobre la salud y el bienestar, me convert\u00ed en un <strong>comunicador de salud para toda la familia<\/strong>, adem\u00e1s de m\u00e9dico asistencial. Es un gran desaf\u00edo mantenerme siempre capacitado y actualizado.<\/span><\/p><p><span style=\"font-weight: 400;\">\ud83d\udd35 Disfruto much\u00edsimo la interacci\u00f3n con las personas y\u00a0 las charlas para embarazadas, padres, abuelos y tambi\u00e9n las de adultos mayores, donde uno jam\u00e1s deja de aprender y enriquecerse con los dem\u00e1s. Las redes sociales me dieron la posibilidad de acercarme a la gente, de escucharlos, responder sus inquietudes y ser parte de sus vidas.<\/span><\/p><p><span style=\"font-weight: 400;\"><strong>\ud83d\udd35 <\/strong>Mi gran deseo es <strong>transformar y mejorar la calidad de vida de las personas<\/strong> a trav\u00e9s de cursos, talleres y conferencias con excelente contenido audiovisual, junto a un excepcional equipo de m\u00e9dicos que me acompa\u00f1a y que, seg\u00fan su especialidad, me ayuda a brindar informaci\u00f3n clara y actualizada sobre la salud y el bienestar.<\/span><\/p><p><span style=\"font-weight: 400;\"><strong>\ud83d\udd35 <\/strong>Adem\u00e1s, el llegar a tantas personas es muy gratificante poder ayudar y promover la solidaridad. A trav\u00e9s de TV Crecer y la Fundaci\u00f3n Primeros Pasos (www.fundacionprimerospasos.org) acompa\u00f1amos procesos de enfermedad y colaboramos con diagn\u00f3sticos y tratamientos.<\/span><\/p><p><span style=\"font-weight: 400;\"><strong>\ud83d\udd35 <\/strong>Estos 30 a\u00f1os como m\u00e9dico fueron la base para poder <strong>comunicar acerca de la salud y desear transformar la vida de cada vez m\u00e1s personas, brind\u00e1ndoles informaci\u00f3n actualizada que mejore su calidad de vida<\/strong>.<\/span><\/p>\t\t\t\t\t\t<\/div>\n\t\t\t\t<\/div>\n\t\t\t\t\t<\/div>\n\t\t<\/div>\n\t\t\t\t<div class=\"elementor-column elementor-col-50 elementor-top-column elementor-element elementor-element-4c3f79c\" data-id=\"4c3f79c\" data-element_type=\"column\">\n\t\t\t<div class=\"elementor-widget-wrap elementor-element-populated\">\n\t\t\t\t\t\t\t\t<div class=\"elementor-element elementor-element-a87c2fe elementor-widget elementor-widget-image\" data-id=\"a87c2fe\" data-element_type=\"widget\" data-widget_type=\"image.default\">\n\t\t\t\t<div class=\"elementor-widget-container\">\n\t\t\t\t\t\t\t\t\t\t\t\t\t\t\t<img loading=\"lazy\" decoding=\"async\" width=\"565\" height=\"1024\" src=\"https:\/\/drdiegomontesdeoca.com\/en\/wp-content\/uploads\/2021\/07\/drmontesdeoca_lineatemporal-03-565x1024.png\" class=\"attachment-large size-large\" alt=\"\" srcset=\"https:\/\/drdiegomontesdeoca.com\/en\/wp-content\/uploads\/2021\/07\/drmontesdeoca_lineatemporal-03-565x1024.png 565w, https:\/\/drdiegomontesdeoca.com\/en\/wp-content\/uploads\/2021\/07\/drmontesdeoca_lineatemporal-03-166x300.png 166w, https:\/\/drdiegomontesdeoca.com\/en\/wp-content\/uploads\/2021\/07\/drmontesdeoca_lineatemporal-03-768x1391.png 768w, https:\/\/drdiegomontesdeoca.com\/en\/wp-content\/uploads\/2021\/07\/drmontesdeoca_lineatemporal-03-848x1536.png 848w, https:\/\/drdiegomontesdeoca.com\/en\/wp-content\/uploads\/2021\/07\/drmontesdeoca_lineatemporal-03-1130x2048.png 1130w, https:\/\/drdiegomontesdeoca.com\/en\/wp-content\/uploads\/2021\/07\/drmontesdeoca_lineatemporal-03-300x544.png 300w\" sizes=\"auto, (max-width: 565px) 100vw, 565px\" \/>\t\t\t\t\t\t\t\t\t\t\t\t\t\t\t<\/div>\n\t\t\t\t<\/div>\n\t\t\t\t\t<\/div>\n\t\t<\/div>\n\t\t\t\t\t\t\t<\/div>\n\t\t<\/section>\n\t\t\t\t\t\t<\/div>\n\t\t\t\t\t<\/div>\n\t\t","protected":false},"excerpt":{"rendered":"<p>Dr. DiegoMONTES DE OCA \ud83d\udd35 Despu\u00e9s de muchos a\u00f1os de formaci\u00f3n y especializaci\u00f3n, de guardias, hospitales y consultorios, la vida y mi gran deseo por promover e informar sobre la salud y el bienestar, me convert\u00ed en un comunicador de salud para toda la familia, adem\u00e1s de m\u00e9dico asistencial. Es un gran desaf\u00edo mantenerme siempre &hellip;<\/p>\n<p class=\"read-more\"> <a class=\"\" href=\"https:\/\/drdiegomontesdeoca.com\/en\/dr-diego-montes-de-oca\/\"> <span class=\"screen-reader-text\">Dr Diego Montes de Oca<\/span> Leer m\u00e1s &raquo;<\/a><\/p>\n","protected":false},"author":1,"featured_media":0,"parent":0,"menu_order":0,"comment_status":"closed","ping_status":"closed","template":"","meta":{"footnotes":""},"class_list":["post-1452","page","type-page","status-publish","hentry"],"yoast_head":"<!-- This site is optimized with the Yoast SEO plugin v17.0 - https:\/\/yoast.com\/wordpress\/plugins\/seo\/ -->\n<title>Dr Diego Montes de Oca - Dr Montes de Oca<\/title>\n<meta name=\"robots\" content=\"index, follow, max-snippet:-1, max-image-preview:large, max-video-preview:-1\" \/>\n<link rel=\"canonical\" href=\"https:\/\/drdiegomontesdeoca.com\/en\/dr-diego-montes-de-oca\/\" \/>\n<meta property=\"og:locale\" content=\"es_ES\" \/>\n<meta property=\"og:type\" content=\"article\" \/>\n<meta property=\"og:title\" content=\"Dr Diego Montes de Oca - Dr Montes de Oca\" \/>\n<meta property=\"og:description\" content=\"Dr. DiegoMONTES DE OCA \ud83d\udd35 Despu\u00e9s de muchos a\u00f1os de formaci\u00f3n y especializaci\u00f3n, de guardias, hospitales y consultorios, la vida y mi gran deseo por promover e informar sobre la salud y el bienestar, me convert\u00ed en un comunicador de salud para toda la familia, adem\u00e1s de m\u00e9dico asistencial. Es un gran desaf\u00edo mantenerme siempre &hellip; Dr Diego Montes de Oca Leer m\u00e1s &raquo;\" \/>\n<meta property=\"og:url\" content=\"https:\/\/drdiegomontesdeoca.com\/en\/dr-diego-montes-de-oca\/\" \/>\n<meta property=\"og:site_name\" content=\"Dr Montes de Oca\" \/>\n<meta property=\"article:modified_time\" content=\"2021-07-22T12:35:36+00:00\" \/>\n<meta property=\"og:image\" content=\"https:\/\/drdiegomontesdeoca.com\/wp-content\/uploads\/2021\/06\/diego_montes_de_ocaMesa-de-trabajo-25mdpi.png\" \/>\n<meta name=\"twitter:card\" content=\"summary_large_image\" \/>\n<meta name=\"twitter:label1\" content=\"Tiempo de lectura\" \/>\n\t<meta name=\"twitter:data1\" content=\"1 minuto\" \/>\n<script type=\"application\/ld+json\" class=\"yoast-schema-graph\">{\"@context\":\"https:\/\/schema.org\",\"@graph\":[{\"@type\":\"WebSite\",\"@id\":\"https:\/\/drdiegomontesdeoca.com\/en\/#website\",\"url\":\"https:\/\/drdiegomontesdeoca.com\/en\/\",\"name\":\"Dr Montes de Oca\",\"description\":\"M\\u00e9dico de familia\",\"potentialAction\":[{\"@type\":\"SearchAction\",\"target\":{\"@type\":\"EntryPoint\",\"urlTemplate\":\"https:\/\/drdiegomontesdeoca.com\/en\/?s={search_term_string}\"},\"query-input\":\"required name=search_term_string\"}],\"inLanguage\":\"es\"},{\"@type\":\"ImageObject\",\"@id\":\"https:\/\/drdiegomontesdeoca.com\/en\/dr-diego-montes-de-oca\/#primaryimage\",\"inLanguage\":\"es\",\"url\":\"https:\/\/drdiegomontesdeoca.com\/wp-content\/uploads\/2021\/06\/diego_montes_de_ocaMesa-de-trabajo-25mdpi.png\",\"contentUrl\":\"https:\/\/drdiegomontesdeoca.com\/wp-content\/uploads\/2021\/06\/diego_montes_de_ocaMesa-de-trabajo-25mdpi.png\"},{\"@type\":\"WebPage\",\"@id\":\"https:\/\/drdiegomontesdeoca.com\/en\/dr-diego-montes-de-oca\/#webpage\",\"url\":\"https:\/\/drdiegomontesdeoca.com\/en\/dr-diego-montes-de-oca\/\",\"name\":\"Dr Diego Montes de Oca - Dr Montes de Oca\",\"isPartOf\":{\"@id\":\"https:\/\/drdiegomontesdeoca.com\/en\/#website\"},\"primaryImageOfPage\":{\"@id\":\"https:\/\/drdiegomontesdeoca.com\/en\/dr-diego-montes-de-oca\/#primaryimage\"},\"datePublished\":\"2021-06-25T03:48:59+00:00\",\"dateModified\":\"2021-07-22T12:35:36+00:00\",\"breadcrumb\":{\"@id\":\"https:\/\/drdiegomontesdeoca.com\/en\/dr-diego-montes-de-oca\/#breadcrumb\"},\"inLanguage\":\"es\",\"potentialAction\":[{\"@type\":\"ReadAction\",\"target\":[\"https:\/\/drdiegomontesdeoca.com\/en\/dr-diego-montes-de-oca\/\"]}]},{\"@type\":\"BreadcrumbList\",\"@id\":\"https:\/\/drdiegomontesdeoca.com\/en\/dr-diego-montes-de-oca\/#breadcrumb\",\"itemListElement\":[{\"@type\":\"ListItem\",\"position\":1,\"name\":\"Inicio\",\"item\":\"https:\/\/drdiegomontesdeoca.com\/en\/\"},{\"@type\":\"ListItem\",\"position\":2,\"name\":\"Dr Diego Montes de Oca\"}]}]}<\/script>\n<!-- \/ Yoast SEO plugin. -->","yoast_head_json":{"title":"Dr Diego Montes de Oca - Dr Montes de Oca","robots":{"index":"index","follow":"follow","max-snippet":"max-snippet:-1","max-image-preview":"max-image-preview:large","max-video-preview":"max-video-preview:-1"},"canonical":"https:\/\/drdiegomontesdeoca.com\/en\/dr-diego-montes-de-oca\/","og_locale":"es_ES","og_type":"article","og_title":"Dr Diego Montes de Oca - Dr Montes de Oca","og_description":"Dr. DiegoMONTES DE OCA \ud83d\udd35 Despu\u00e9s de muchos a\u00f1os de formaci\u00f3n y especializaci\u00f3n, de guardias, hospitales y consultorios, la vida y mi gran deseo por promover e informar sobre la salud y el bienestar, me convert\u00ed en un comunicador de salud para toda la familia, adem\u00e1s de m\u00e9dico asistencial. Es un gran desaf\u00edo mantenerme siempre &hellip; Dr Diego Montes de Oca Leer m\u00e1s &raquo;","og_url":"https:\/\/drdiegomontesdeoca.com\/en\/dr-diego-montes-de-oca\/","og_site_name":"Dr Montes de Oca","article_modified_time":"2021-07-22T12:35:36+00:00","og_image":[{"url":"https:\/\/drdiegomontesdeoca.com\/wp-content\/uploads\/2021\/06\/diego_montes_de_ocaMesa-de-trabajo-25mdpi.png"}],"twitter_card":"summary_large_image","twitter_misc":{"Tiempo de lectura":"1 minuto"},"schema":{"@context":"https:\/\/schema.org","@graph":[{"@type":"WebSite","@id":"https:\/\/drdiegomontesdeoca.com\/en\/#website","url":"https:\/\/drdiegomontesdeoca.com\/en\/","name":"Dr Montes de Oca","description":"M\u00e9dico de familia","potentialAction":[{"@type":"SearchAction","target":{"@type":"EntryPoint","urlTemplate":"https:\/\/drdiegomontesdeoca.com\/en\/?s={search_term_string}"},"query-input":"required name=search_term_string"}],"inLanguage":"es"},{"@type":"ImageObject","@id":"https:\/\/drdiegomontesdeoca.com\/en\/dr-diego-montes-de-oca\/#primaryimage","inLanguage":"es","url":"https:\/\/drdiegomontesdeoca.com\/wp-content\/uploads\/2021\/06\/diego_montes_de_ocaMesa-de-trabajo-25mdpi.png","contentUrl":"https:\/\/drdiegomontesdeoca.com\/wp-content\/uploads\/2021\/06\/diego_montes_de_ocaMesa-de-trabajo-25mdpi.png"},{"@type":"WebPage","@id":"https:\/\/drdiegomontesdeoca.com\/en\/dr-diego-montes-de-oca\/#webpage","url":"https:\/\/drdiegomontesdeoca.com\/en\/dr-diego-montes-de-oca\/","name":"Dr Diego Montes de Oca - Dr Montes de Oca","isPartOf":{"@id":"https:\/\/drdiegomontesdeoca.com\/en\/#website"},"primaryImageOfPage":{"@id":"https:\/\/drdiegomontesdeoca.com\/en\/dr-diego-montes-de-oca\/#primaryimage"},"datePublished":"2021-06-25T03:48:59+00:00","dateModified":"2021-07-22T12:35:36+00:00","breadcrumb":{"@id":"https:\/\/drdiegomontesdeoca.com\/en\/dr-diego-montes-de-oca\/#breadcrumb"},"inLanguage":"es","potentialAction":[{"@type":"ReadAction","target":["https:\/\/drdiegomontesdeoca.com\/en\/dr-diego-montes-de-oca\/"]}]},{"@type":"BreadcrumbList","@id":"https:\/\/drdiegomontesdeoca.com\/en\/dr-diego-montes-de-oca\/#breadcrumb","itemListElement":[{"@type":"ListItem","position":1,"name":"Inicio","item":"https:\/\/drdiegomontesdeoca.com\/en\/"},{"@type":"ListItem","position":2,"name":"Dr Diego Montes de Oca"}]}]}},"_links":{"self":[{"href":"https:\/\/drdiegomontesdeoca.com\/en\/wp-json\/wp\/v2\/pages\/1452","targetHints":{"allow":["GET"]}}],"collection":[{"href":"https:\/\/drdiegomontesdeoca.com\/en\/wp-json\/wp\/v2\/pages"}],"about":[{"href":"https:\/\/drdiegomontesdeoca.com\/en\/wp-json\/wp\/v2\/types\/page"}],"author":[{"embeddable":true,"href":"https:\/\/drdiegomontesdeoca.com\/en\/wp-json\/wp\/v2\/users\/1"}],"replies":[{"embeddable":true,"href":"https:\/\/drdiegomontesdeoca.com\/en\/wp-json\/wp\/v2\/comments?post=1452"}],"version-history":[{"count":67,"href":"https:\/\/drdiegomontesdeoca.com\/en\/wp-json\/wp\/v2\/pages\/1452\/revisions"}],"predecessor-version":[{"id":2718,"href":"https:\/\/drdiegomontesdeoca.com\/en\/wp-json\/wp\/v2\/pages\/1452\/revisions\/2718"}],"wp:attachment":[{"href":"https:\/\/drdiegomontesdeoca.com\/en\/wp-json\/wp\/v2\/media?parent=1452"}],"curies":[{"name":"wp","href":"https:\/\/api.w.org\/{rel}","templated":true}]}}